{"id":96,"date":"2023-06-22T01:29:23","date_gmt":"2023-06-22T01:29:23","guid":{"rendered":"https:\/\/www.kvvutleie.no\/i\/?page_id=96"},"modified":"2023-06-22T01:47:41","modified_gmt":"2023-06-22T01:47:41","slug":"brenderup-biltralle-rt2249","status":"publish","type":"page","link":"https:\/\/www.kvvutleie.no\/i\/?page_id=96","title":{"rendered":"Brenderup Biltralle RT2249\u00a0\u2013 Lengde=596cm Bredde=230cm"},"content":{"rendered":"\n<figure class=\"wp-block-image size-large\"><img loading=\"lazy\" decoding=\"async\" width=\"768\" height=\"1024\" src=\"https:\/\/www.kvvutleie.no\/i\/wp-content\/uploads\/2023\/06\/Biltralle-RT2249-4-768x1024.jpg\" alt=\"\" class=\"wp-image-98\" srcset=\"https:\/\/www.kvvutleie.no\/i\/wp-content\/uploads\/2023\/06\/Biltralle-RT2249-4-768x1024.jpg 768w, https:\/\/www.kvvutleie.no\/i\/wp-content\/uploads\/2023\/06\/Biltralle-RT2249-4-225x300.jpg 225w, https:\/\/www.kvvutleie.no\/i\/wp-content\/uploads\/2023\/06\/Biltralle-RT2249-4-1152x1536.jpg 1152w, https:\/\/www.kvvutleie.no\/i\/wp-content\/uploads\/2023\/06\/Biltralle-RT2249-4-100x133.jpg 100w, https:\/\/www.kvvutleie.no\/i\/wp-content\/uploads\/2023\/06\/Biltralle-RT2249-4-150x200.jpg 150w, https:\/\/www.kvvutleie.no\/i\/wp-content\/uploads\/2023\/06\/Biltralle-RT2249-4-200x267.jpg 200w, https:\/\/www.kvvutleie.no\/i\/wp-content\/uploads\/2023\/06\/Biltralle-RT2249-4-300x400.jpg 300w, https:\/\/www.kvvutleie.no\/i\/wp-content\/uploads\/2023\/06\/Biltralle-RT2249-4-450x600.jpg 450w, https:\/\/www.kvvutleie.no\/i\/wp-content\/uploads\/2023\/06\/Biltralle-RT2249-4-600x800.jpg 600w, https:\/\/www.kvvutleie.no\/i\/wp-content\/uploads\/2023\/06\/Biltralle-RT2249-4-900x1200.jpg 900w, https:\/\/www.kvvutleie.no\/i\/wp-content\/uploads\/2023\/06\/Biltralle-RT2249-4.jpg 1530w\" sizes=\"auto, (max-width: 768px) 100vw, 768px\" \/><figcaption class=\"wp-element-caption\">Vi har en enkel biltralle tilgjengelig for utleie. Den har en lengde p\u00e5 596cm, bredde p\u00e5 230cm, egenvekt 575kg, tillatt totalvekt 2500kg, maks nyttelast 1925kg, maksvekt tilhengerkopling 100kg.<\/figcaption><\/figure>\n\n\n\n<p class=\"has-text-align-center\">Prisliste for denne tilhengeren:<br>Depositum : 500,- dette tilbakef\u00f8res n\u00e5r hengeren blir tilbakelevert uten skader.<br>D\u00f8gnleie ukedag : 400,-<br>D\u00f8gnleie weekend : 500,-<br>Weekendleie \u2013 Fredag ettermiddag til S\u00f8ndag kveld : 1.200,-<br>Ukeleie \u2013 Mandag morgen \u2013 Fredag ettermiddag 17:00 : 1.800,-<br>Ukeleie \u2013 Mandag morgen \u2013 S\u00f8ndag kveld 20:00 : 2.500,-<\/p>\n\n\n\n<p class=\"has-text-align-center\">All betaling gj\u00f8res ved \u00e5 vippse korrekt bel\u00f8p til Morten Nordby p\u00e5 vippsnummer 98076000, s\u00e5 fort betalingen er utf\u00f8rt vil du f\u00e5 en bekreftelse p\u00e5 bestillingen og du vil ogs\u00e5 f\u00e5 kode til n\u00f8kkelboksen hvor hengern\u00f8klene kan hentes via vippsbetalingen du har utf\u00f8rt.<\/p>\n","protected":false},"excerpt":{"rendered":"<p>Prisliste for denne tilhengeren:Depositum : 500,- dette tilbakef\u00f8res n\u00e5r hengeren blir tilbakelevert uten skader.D\u00f8gnleie ukedag : 400,-D\u00f8gnleie weekend : 500,-Weekendleie \u2013 Fredag ettermiddag til S\u00f8ndag kveld : 1.200,-Ukeleie \u2013 Mandag morgen \u2013 Fredag ettermiddag 17:00 : 1.800,-Ukeleie \u2013 Mandag morgen &hellip;<\/p>\n<p class=\"read-more\"> <a class=\"more-link\" href=\"https:\/\/www.kvvutleie.no\/i\/?page_id=96\"> <span class=\"screen-reader-text\">Brenderup Biltralle RT2249\u00a0\u2013 Lengde=596cm Bredde=230cm<\/span> Read More &raquo;<\/a><\/p>\n","protected":false},"author":1,"featured_media":0,"parent":0,"menu_order":0,"comment_status":"closed","ping_status":"closed","template":"","meta":{"footnotes":""},"class_list":["post-96","page","type-page","status-publish","hentry"],"_links":{"self":[{"href":"https:\/\/www.kvvutleie.no\/i\/index.php?rest_route=\/wp\/v2\/pages\/96","targetHints":{"allow":["GET"]}}],"collection":[{"href":"https:\/\/www.kvvutleie.no\/i\/index.php?rest_route=\/wp\/v2\/pages"}],"about":[{"href":"https:\/\/www.kvvutleie.no\/i\/index.php?rest_route=\/wp\/v2\/types\/page"}],"author":[{"embeddable":true,"href":"https:\/\/www.kvvutleie.no\/i\/index.php?rest_route=\/wp\/v2\/users\/1"}],"replies":[{"embeddable":true,"href":"https:\/\/www.kvvutleie.no\/i\/index.php?rest_route=%2Fwp%2Fv2%2Fcomments&post=96"}],"version-history":[{"count":2,"href":"https:\/\/www.kvvutleie.no\/i\/index.php?rest_route=\/wp\/v2\/pages\/96\/revisions"}],"predecessor-version":[{"id":108,"href":"https:\/\/www.kvvutleie.no\/i\/index.php?rest_route=\/wp\/v2\/pages\/96\/revisions\/108"}],"wp:attachment":[{"href":"https:\/\/www.kvvutleie.no\/i\/index.php?rest_route=%2Fwp%2Fv2%2Fmedia&parent=96"}],"curies":[{"name":"wp","href":"https:\/\/api.w.org\/{rel}","templated":true}]}}