{"id":9,"date":"2021-10-25T14:19:43","date_gmt":"2021-10-25T14:19:43","guid":{"rendered":"https:\/\/www.kvvutleie.no\/i\/?page_id=9"},"modified":"2023-06-22T01:49:52","modified_gmt":"2023-06-22T01:49:52","slug":"forside","status":"publish","type":"page","link":"https:\/\/www.kvvutleie.no\/i\/","title":{"rendered":"Trenger du \u00e5 leie bobil? Eller tilhenger?"},"content":{"rendered":"\n<p><\/p>\n\n\n\n<h2 class=\"wp-block-heading\">Vi har f\u00f8lgende enheter klare for utleie, ta kontakt ved sp\u00f8rsm\u00e5l, eventuelt klikk deg inn p\u00e5 enheten du \u00f8nsker \u00e5 leie og gjennomf\u00f8r booking og betaling.<\/h2>\n\n\n\n<h2 class=\"wp-block-heading\">Fiat Ducato Bobil VX27944 &#8211; kj\u00f8res p\u00e5 vanlig B-f\u00f8rerkort<\/h2>\n\n\n\n<p>Flott bobil leies ut. Har aldri sviktet oss. Klar for neste tur.<br>Bruksmerker finnes men mye bobil for inntil 5 personer. B\u00f8r sees.<br>4 Sitteplasser med belte og 5 sengeplasser. <br>Varmtvann p\u00e5 gass. Kj\u00f8leskap som kan brukes p\u00e5 b\u00e5de 12V, 230V og p\u00e5 gass, kan settes til \u00e5 autoswitche.<br> Fullverdig do og dusj. Utrolig behagelig \u00e5 kj\u00f8re. Har ogs\u00e5 hengerfeste, og kan trekke henger. <\/p>\n\n\n\n<figure class=\"wp-block-image size-large\"><a href=\"https:\/\/www.kvvutleie.no\/i\/?page_id=60\"><img loading=\"lazy\" decoding=\"async\" width=\"1024\" height=\"768\" src=\"https:\/\/www.kvvutleie.no\/i\/wp-content\/uploads\/2022\/04\/734_1544893955-1024x768.jpg\" alt=\"\" class=\"wp-image-58\" srcset=\"https:\/\/www.kvvutleie.no\/i\/wp-content\/uploads\/2022\/04\/734_1544893955-1024x768.jpg 1024w, https:\/\/www.kvvutleie.no\/i\/wp-content\/uploads\/2022\/04\/734_1544893955-300x225.jpg 300w, https:\/\/www.kvvutleie.no\/i\/wp-content\/uploads\/2022\/04\/734_1544893955-768x576.jpg 768w, https:\/\/www.kvvutleie.no\/i\/wp-content\/uploads\/2022\/04\/734_1544893955-1536x1152.jpg 1536w, https:\/\/www.kvvutleie.no\/i\/wp-content\/uploads\/2022\/04\/734_1544893955-100x75.jpg 100w, https:\/\/www.kvvutleie.no\/i\/wp-content\/uploads\/2022\/04\/734_1544893955-150x113.jpg 150w, https:\/\/www.kvvutleie.no\/i\/wp-content\/uploads\/2022\/04\/734_1544893955-200x150.jpg 200w, https:\/\/www.kvvutleie.no\/i\/wp-content\/uploads\/2022\/04\/734_1544893955-450x338.jpg 450w, https:\/\/www.kvvutleie.no\/i\/wp-content\/uploads\/2022\/04\/734_1544893955-600x450.jpg 600w, https:\/\/www.kvvutleie.no\/i\/wp-content\/uploads\/2022\/04\/734_1544893955-900x675.jpg 900w, https:\/\/www.kvvutleie.no\/i\/wp-content\/uploads\/2022\/04\/734_1544893955.jpg 1600w\" sizes=\"auto, (max-width: 1024px) 100vw, 1024px\" \/><\/a><figcaption class=\"wp-element-caption\">Kan kj\u00f8res p\u00e5 vanlig B-f\u00f8rerkort, har hengerfeste og ryggekamera.<\/figcaption><\/figure>\n\n\n\n<h2 class=\"wp-block-heading\"> Tysse skaphenger DL7873 &#8211; Skapm\u00e5l L=310 B=170 H=140 cm. <\/h2>\n\n\n\n<figure class=\"wp-block-image size-large is-resized\"><a href=\"https:\/\/www.kvvutleie.no\/i\/?page_id=21\"><img loading=\"lazy\" decoding=\"async\" src=\"https:\/\/www.kvvutleie.no\/i\/wp-content\/uploads\/2021\/10\/Tysse-skaphenger-DL7873-1024x684.jpg\" alt=\"\" class=\"wp-image-25\" width=\"411\" height=\"275\" srcset=\"https:\/\/www.kvvutleie.no\/i\/wp-content\/uploads\/2021\/10\/Tysse-skaphenger-DL7873-1024x684.jpg 1024w, https:\/\/www.kvvutleie.no\/i\/wp-content\/uploads\/2021\/10\/Tysse-skaphenger-DL7873-300x200.jpg 300w, https:\/\/www.kvvutleie.no\/i\/wp-content\/uploads\/2021\/10\/Tysse-skaphenger-DL7873-768x513.jpg 768w, https:\/\/www.kvvutleie.no\/i\/wp-content\/uploads\/2021\/10\/Tysse-skaphenger-DL7873-1536x1026.jpg 1536w, https:\/\/www.kvvutleie.no\/i\/wp-content\/uploads\/2021\/10\/Tysse-skaphenger-DL7873-100x67.jpg 100w, https:\/\/www.kvvutleie.no\/i\/wp-content\/uploads\/2021\/10\/Tysse-skaphenger-DL7873-150x100.jpg 150w, https:\/\/www.kvvutleie.no\/i\/wp-content\/uploads\/2021\/10\/Tysse-skaphenger-DL7873-200x134.jpg 200w, https:\/\/www.kvvutleie.no\/i\/wp-content\/uploads\/2021\/10\/Tysse-skaphenger-DL7873-450x301.jpg 450w, https:\/\/www.kvvutleie.no\/i\/wp-content\/uploads\/2021\/10\/Tysse-skaphenger-DL7873-600x401.jpg 600w, https:\/\/www.kvvutleie.no\/i\/wp-content\/uploads\/2021\/10\/Tysse-skaphenger-DL7873-900x601.jpg 900w, https:\/\/www.kvvutleie.no\/i\/wp-content\/uploads\/2021\/10\/Tysse-skaphenger-DL7873.jpg 1600w\" sizes=\"auto, (max-width: 411px) 100vw, 411px\" \/><\/a><figcaption class=\"wp-element-caption\">Tillatt totalvekt 2000 kg, egenvekt 635 kg, nyttelast 1365 kg Makshastighet 100 km\/t Nytt drag og st\u00f8ttehjul v\u00e5ren 2021. Overhalte bremser med nye bremseb\u00e5nd. Meget gode hel\u00e5rsdekk. Maks kuletrykk 100 kg. Kuletrykkvekt f\u00f8lger med. Utvendige m\u00e5l: 476 lang, 181 bred. Innvendige m\u00e5l ca 310*170 og 140 h\u00f8y <\/figcaption><\/figure>\n\n\n\n<p>Prisliste for denne tilhengeren:<br>Depositum : 500,- dette tilbakef\u00f8res n\u00e5r hengeren blir tilbakelevert uten skader.<br>D\u00f8gnleie ukedag : 400,-<br>D\u00f8gnleie weekend : 500,-<br>Weekendleie &#8211; Fredag ettermiddag til S\u00f8ndag kveld : 1.200,-<br>Ukeleie &#8211; Mandag morgen &#8211; Fredag ettermiddag 17:00 : 1.800,-<br>Ukeleie &#8211; Mandag morgen &#8211; S\u00f8ndag kveld 20:00 : 2.500,-<\/p>\n\n\n\n<h2 class=\"wp-block-heading\">Tysse tilhenger med tipp DV4558 &#8211; Inv.lengde=320cm bredde= 150cm<\/h2>\n\n\n\n<figure class=\"wp-block-image size-large is-resized\"><a href=\"https:\/\/www.kvvutleie.no\/i\/?page_id=38\"><img loading=\"lazy\" decoding=\"async\" src=\"https:\/\/www.kvvutleie.no\/i\/wp-content\/uploads\/2021\/10\/Tysse-tipphenger-boggi-DV4558-768x1024.jpg\" alt=\"\" class=\"wp-image-26\" width=\"409\" height=\"546\" srcset=\"https:\/\/www.kvvutleie.no\/i\/wp-content\/uploads\/2021\/10\/Tysse-tipphenger-boggi-DV4558-768x1024.jpg 768w, https:\/\/www.kvvutleie.no\/i\/wp-content\/uploads\/2021\/10\/Tysse-tipphenger-boggi-DV4558-225x300.jpg 225w, https:\/\/www.kvvutleie.no\/i\/wp-content\/uploads\/2021\/10\/Tysse-tipphenger-boggi-DV4558-1152x1536.jpg 1152w, https:\/\/www.kvvutleie.no\/i\/wp-content\/uploads\/2021\/10\/Tysse-tipphenger-boggi-DV4558-1536x2048.jpg 1536w, https:\/\/www.kvvutleie.no\/i\/wp-content\/uploads\/2021\/10\/Tysse-tipphenger-boggi-DV4558-100x133.jpg 100w, https:\/\/www.kvvutleie.no\/i\/wp-content\/uploads\/2021\/10\/Tysse-tipphenger-boggi-DV4558-150x200.jpg 150w, https:\/\/www.kvvutleie.no\/i\/wp-content\/uploads\/2021\/10\/Tysse-tipphenger-boggi-DV4558-200x267.jpg 200w, https:\/\/www.kvvutleie.no\/i\/wp-content\/uploads\/2021\/10\/Tysse-tipphenger-boggi-DV4558-300x400.jpg 300w, https:\/\/www.kvvutleie.no\/i\/wp-content\/uploads\/2021\/10\/Tysse-tipphenger-boggi-DV4558-450x600.jpg 450w, https:\/\/www.kvvutleie.no\/i\/wp-content\/uploads\/2021\/10\/Tysse-tipphenger-boggi-DV4558-600x800.jpg 600w, https:\/\/www.kvvutleie.no\/i\/wp-content\/uploads\/2021\/10\/Tysse-tipphenger-boggi-DV4558-900x1200.jpg 900w, https:\/\/www.kvvutleie.no\/i\/wp-content\/uploads\/2021\/10\/Tysse-tipphenger-boggi-DV4558.jpg 1600w\" sizes=\"auto, (max-width: 409px) 100vw, 409px\" \/><\/a><figcaption class=\"wp-element-caption\">2013 mod, 1300 kg tysse henger med tipp. Lengde p\u00e5 lasteplan 3,2 og 1.5m i bredde Nyttelast 960 kg<\/figcaption><\/figure>\n\n\n\n<p>Prisliste for denne tilhengeren:<br>Depositum : 500,- dette tilbakef\u00f8res n\u00e5r hengeren blir tilbakelevert uten skader.<br>D\u00f8gnleie ukedag : 400,-<br>D\u00f8gnleie weekend : 500,-<br>Weekendleie &#8211; Fredag ettermiddag til S\u00f8ndag kveld : 1.200,-<br>Ukeleie &#8211; Mandag morgen &#8211; Fredag ettermiddag 17:00 : 1.800,-<br>Ukeleie &#8211; Mandag morgen &#8211; S\u00f8ndag kveld 20:00 : 2.500,-<\/p>\n\n\n\n<h2 class=\"wp-block-heading\">Brenderup Biltralle RT2249 &#8211; Lengde=596cm Bredde=230cm<\/h2>\n\n\n\n<figure class=\"wp-block-image size-large\"><a href=\"https:\/\/www.kvvutleie.no\/i\/?page_id=96\"><img loading=\"lazy\" decoding=\"async\" width=\"768\" height=\"1024\" src=\"https:\/\/www.kvvutleie.no\/i\/wp-content\/uploads\/2023\/06\/Biltralle-RT2249-4-768x1024.jpg\" alt=\"\" class=\"wp-image-98\" srcset=\"https:\/\/www.kvvutleie.no\/i\/wp-content\/uploads\/2023\/06\/Biltralle-RT2249-4-768x1024.jpg 768w, https:\/\/www.kvvutleie.no\/i\/wp-content\/uploads\/2023\/06\/Biltralle-RT2249-4-225x300.jpg 225w, https:\/\/www.kvvutleie.no\/i\/wp-content\/uploads\/2023\/06\/Biltralle-RT2249-4-1152x1536.jpg 1152w, https:\/\/www.kvvutleie.no\/i\/wp-content\/uploads\/2023\/06\/Biltralle-RT2249-4-100x133.jpg 100w, https:\/\/www.kvvutleie.no\/i\/wp-content\/uploads\/2023\/06\/Biltralle-RT2249-4-150x200.jpg 150w, https:\/\/www.kvvutleie.no\/i\/wp-content\/uploads\/2023\/06\/Biltralle-RT2249-4-200x267.jpg 200w, https:\/\/www.kvvutleie.no\/i\/wp-content\/uploads\/2023\/06\/Biltralle-RT2249-4-300x400.jpg 300w, https:\/\/www.kvvutleie.no\/i\/wp-content\/uploads\/2023\/06\/Biltralle-RT2249-4-450x600.jpg 450w, https:\/\/www.kvvutleie.no\/i\/wp-content\/uploads\/2023\/06\/Biltralle-RT2249-4-600x800.jpg 600w, https:\/\/www.kvvutleie.no\/i\/wp-content\/uploads\/2023\/06\/Biltralle-RT2249-4-900x1200.jpg 900w, https:\/\/www.kvvutleie.no\/i\/wp-content\/uploads\/2023\/06\/Biltralle-RT2249-4.jpg 1530w\" sizes=\"auto, (max-width: 768px) 100vw, 768px\" \/><\/a><\/figure>\n\n\n\n<p>Vi har en enkel biltralle tilgjengelig for utleie. Den har en lengde p\u00e5 596cm, bredde p\u00e5 230cm, egenvekt 575kg, tillatt totalvekt 2500kg, maks nyttelast 1925kg, maksvekt tilhengerkopling 100kg. <\/p>\n\n\n\n<p>Prisliste for denne tilhengeren:<br>Depositum : 500,- dette tilbakef\u00f8res n\u00e5r hengeren blir tilbakelevert uten skader.<br>D\u00f8gnleie ukedag : 400,-<br>D\u00f8gnleie weekend : 500,-<br>Weekendleie &#8211; Fredag ettermiddag til S\u00f8ndag kveld : 1.200,-<br>Ukeleie &#8211; Mandag morgen &#8211; Fredag ettermiddag 17:00 : 1.800,-<br>Ukeleie &#8211; Mandag morgen &#8211; S\u00f8ndag kveld 20:00 : 2.500,-<\/p>\n\n\n\n<p>All betaling gj\u00f8res ved \u00e5 vippse korrekt bel\u00f8p til Morten Nordby p\u00e5 vippsnummer 98076000, s\u00e5 fort betalingen er utf\u00f8rt vil du f\u00e5 en bekreftelse p\u00e5 bestillingen og du vil ogs\u00e5 f\u00e5 kode til n\u00f8kkelboksen hvor hengern\u00f8klene kan hentes via vippsbetalingen du har utf\u00f8rt.<\/p>\n","protected":false},"excerpt":{"rendered":"<p>Vi har f\u00f8lgende enheter klare for utleie, ta kontakt ved sp\u00f8rsm\u00e5l, eventuelt klikk deg inn p\u00e5 enheten du \u00f8nsker \u00e5 leie og gjennomf\u00f8r booking og betaling. Fiat Ducato Bobil VX27944 &#8211; kj\u00f8res p\u00e5 vanlig B-f\u00f8rerkort Flott bobil leies ut. Har &hellip;<\/p>\n<p class=\"read-more\"> <a class=\"more-link\" href=\"https:\/\/www.kvvutleie.no\/i\/\"> <span class=\"screen-reader-text\">Trenger du \u00e5 leie bobil? Eller tilhenger?<\/span> Read More &raquo;<\/a><\/p>\n","protected":false},"author":1,"featured_media":0,"parent":0,"menu_order":0,"comment_status":"closed","ping_status":"closed","template":"","meta":{"footnotes":""},"class_list":["post-9","page","type-page","status-publish","hentry"],"_links":{"self":[{"href":"https:\/\/www.kvvutleie.no\/i\/index.php?rest_route=\/wp\/v2\/pages\/9","targetHints":{"allow":["GET"]}}],"collection":[{"href":"https:\/\/www.kvvutleie.no\/i\/index.php?rest_route=\/wp\/v2\/pages"}],"about":[{"href":"https:\/\/www.kvvutleie.no\/i\/index.php?rest_route=\/wp\/v2\/types\/page"}],"author":[{"embeddable":true,"href":"https:\/\/www.kvvutleie.no\/i\/index.php?rest_route=\/wp\/v2\/users\/1"}],"replies":[{"embeddable":true,"href":"https:\/\/www.kvvutleie.no\/i\/index.php?rest_route=%2Fwp%2Fv2%2Fcomments&post=9"}],"version-history":[{"count":20,"href":"https:\/\/www.kvvutleie.no\/i\/index.php?rest_route=\/wp\/v2\/pages\/9\/revisions"}],"predecessor-version":[{"id":109,"href":"https:\/\/www.kvvutleie.no\/i\/index.php?rest_route=\/wp\/v2\/pages\/9\/revisions\/109"}],"wp:attachment":[{"href":"https:\/\/www.kvvutleie.no\/i\/index.php?rest_route=%2Fwp%2Fv2%2Fmedia&parent=9"}],"curies":[{"name":"wp","href":"https:\/\/api.w.org\/{rel}","templated":true}]}}